{"id":3952,"date":"2016-04-10T20:06:12","date_gmt":"2016-04-10T20:06:12","guid":{"rendered":"https:\/\/adventure.mystagingwebsite.com\/?page_id=3952"},"modified":"2018-08-21T07:37:09","modified_gmt":"2018-08-21T07:37:09","slug":"sunt-pregatit","status":"publish","type":"page","link":"https:\/\/adventurediplomacy.org\/ro\/sunt-pregatit\/","title":{"rendered":"Sunt Pregatit"},"content":{"rendered":"<p>[vc_row][vc_column][\/vc_column][\/vc_row][vc_row][vc_column width=&#8221;2\/3&#8243;][vc_column_text]<\/p>\n<h3>Sunt Pregatit<\/h3>\n<p>[\/vc_column_text][vc_column_text]\u00cen contextul actual din Rom\u00e2nia, c\u00e2nd este proasp\u0103t\u0103 amintirea tragediei de la Clubul\u00a0Colectiv \u0219i este iminent\u0103 producerea unui cutremur devastator, este necesar\u0103 demararea\u00a0unei campanii de informare \u0219i educare a popula\u021biei, \u0219i \u00een special a tinerilor, \u00een ceea ce\u00a0prive\u0219te interven\u021bia \u00een caz de dezastre, cum ar fi de exemplu <strong>incendii<\/strong>, <strong>cutremure<\/strong>,\u00a0<strong>inunda\u021bii<\/strong>, <strong>avalan\u0219e<\/strong> sau alte fenomene naturale care ar putea periclita un num\u0103r mare de\u00a0vie\u021bi omene\u0219ti, \u00een scopul minimiz\u0103rii poten\u021bialelor efecte devastatoare ale acestor\u00a0evenimente<\/p>\n<p><strong>\u2713 Sunt Preg\u0103tit<\/strong> este un program de prevenire, informare si educa\u021bie (atat <strong>teoretic\u0103<\/strong>\u00a0c\u00e2t \u0219i <strong>practic\u0103)\u00a0<\/strong>in privinta dezastrelor, calamita\u021bilor si a altor situa\u021bii de urgen\u021b\u0103.<\/p>\n<p><strong>P\u0103rerea ta conteaz\u0103 pentru noi!<\/strong><\/p>\n<p>Completeaz\u0103 urm\u0103torul formular pentru a ne ajuta s\u0103 in\u021belegem mai bine modul \u00een care \u00a0putem inbunatatii pe viitor acest workshop:<\/p>\n<p><strong>Bucuresti<\/strong><\/p>\n<ul>\n<li>Ziua 1: <a href=\"http:\/\/goo.gl\/forms\/vrQmeBSmAa\" target=\"_blank\">Formular de Feedback 9 mai<\/a><\/li>\n<li>Ziua 2: <a href=\"http:\/\/goo.gl\/forms\/Khk1ZTI7uc\" target=\"_blank\">Formular de Feedback 10 Mai<\/a><\/li>\n<li>Ziua 3: <a href=\"http:\/\/goo.gl\/forms\/eWVfoWYKCO\" target=\"_blank\">Formular de Feedback 12 Mai<\/a><\/li>\n<li>Ziua 4:\u00a0<a href=\"http:\/\/goo.gl\/forms\/s8gkN6KhZG\" target=\"_blank\">Formular de Feedback 16 Mai<\/a><\/li>\n<li>Ziua 5:\u00a0<a href=\"http:\/\/goo.gl\/forms\/a9cG1ASR6v4Tl7th2\" target=\"_blank\">Formular de Feedback 18 Mai<\/a><\/li>\n<\/ul>\n<p><strong>Tecuci 13 Mai<\/strong><\/p>\n<ul>\n<li><a href=\"http:\/\/goo.gl\/forms\/vhsWir4uyT\" target=\"_blank\">Formular de Feedback Tecuci 13 Mai<\/a><\/li>\n<\/ul>\n<p><strong>Galati<\/strong><\/p>\n<p><a href=\"http:\/\/goo.gl\/forms\/5XJLqUyAUx\" target=\"_blank\">Formular de Feedback &#8211; Galati ziua 1<\/a><\/p>\n<p><strong>Iasi<\/strong><\/p>\n<ul>\n<li>Ziua 1:\u00a0<a href=\"http:\/\/goo.gl\/forms\/QI6W8Nejp5tNBE6k1\" target=\"_blank\">Formular de Feedback 20 Mai<\/a><\/li>\n<li>Ziua 2:\u00a0<a href=\"http:\/\/goo.gl\/forms\/BS1GFfPdggPoyNvh1\" target=\"_blank\">Formular de Feedback 21 Mai<\/a><\/li>\n<\/ul>\n<p><strong>Bucuresti &#8211; Academia de Politie 26 mai 2016<\/strong><\/p>\n<ul>\n<li><a href=\"http:\/\/goo.gl\/forms\/4MpfJ2AuaazgWxCW2\" target=\"_blank\">Formular de feedback 26 mai 2016<\/a><\/li>\n<\/ul>\n<p>In cazul in care doresti sa participi sau sa te implici, te rugam sa ne contactezi.[\/vc_column_text][contact-form-7 id=&#8221;3964&#8243;][\/vc_column][vc_column width=&#8221;1\/3&#8243;][vc_widget_sidebar sidebar_id=&#8221;td-gmfus&#8221;][\/vc_column][\/vc_row]<\/p>\n","protected":false},"excerpt":{"rendered":"<p>[vc_row][vc_column][\/vc_column][\/vc_row][vc_row][vc_column width=&#8221;2\/3&#8243;][vc_column_text] Sunt Pregatit [\/vc_column_text][vc_column_text]\u00cen contextul actual din Rom\u00e2nia, c\u00e2nd este proasp\u0103t\u0103 amintirea tragediei de la Clubul\u00a0Colectiv \u0219i este iminent\u0103 producerea unui cutremur devastator, este necesar\u0103 demararea\u00a0unei campanii de informare \u0219i educare a popula\u021biei, \u0219i \u00een special a tinerilor, \u00een ceea ce\u00a0prive\u0219te interven\u021bia \u00een caz de dezastre, cum ar fi de exemplu incendii, cutremure,\u00a0inunda\u021bii, avalan\u0219e [&hellip;]<\/p>\n","protected":false},"author":14,"featured_media":3989,"parent":0,"menu_order":0,"comment_status":"closed","ping_status":"closed","template":"","meta":{"_seopress_robots_primary_cat":"","_seopress_titles_title":"","_seopress_titles_desc":"","_seopress_robots_index":"","footnotes":""},"class_list":["post-3952","page","type-page","status-publish","has-post-thumbnail","hentry"],"_links":{"self":[{"href":"https:\/\/adventurediplomacy.org\/ro\/wp-json\/wp\/v2\/pages\/3952","targetHints":{"allow":["GET"]}}],"collection":[{"href":"https:\/\/adventurediplomacy.org\/ro\/wp-json\/wp\/v2\/pages"}],"about":[{"href":"https:\/\/adventurediplomacy.org\/ro\/wp-json\/wp\/v2\/types\/page"}],"author":[{"embeddable":true,"href":"https:\/\/adventurediplomacy.org\/ro\/wp-json\/wp\/v2\/users\/14"}],"replies":[{"embeddable":true,"href":"https:\/\/adventurediplomacy.org\/ro\/wp-json\/wp\/v2\/comments?post=3952"}],"version-history":[{"count":0,"href":"https:\/\/adventurediplomacy.org\/ro\/wp-json\/wp\/v2\/pages\/3952\/revisions"}],"wp:featuredmedia":[{"embeddable":true,"href":"https:\/\/adventurediplomacy.org\/ro\/wp-json\/wp\/v2\/media\/3989"}],"wp:attachment":[{"href":"https:\/\/adventurediplomacy.org\/ro\/wp-json\/wp\/v2\/media?parent=3952"}],"curies":[{"name":"wp","href":"https:\/\/api.w.org\/{rel}","templated":true}]}}